{"id":634,"date":"2017-10-24T12:41:04","date_gmt":"2017-10-24T12:41:04","guid":{"rendered":"https:\/\/ecp.crai.com\/our-team\/"},"modified":"2023-05-30T14:49:41","modified_gmt":"2023-05-30T14:49:41","slug":"unser-team","status":"publish","type":"page","link":"https:\/\/ecp.crai.com\/de\/unser-team\/","title":{"rendered":"Unser Team"},"content":{"rendered":"<p class=\"pull-out\">CRA hat ein gro\u00dfes Team deutschsprachiger \u00d6konomen mit einschl\u00e4giger Erfahrung vor dem Bundeskartellamt, der Bundeswettbewerbsbeh\u00f6rde und der Wettbewerbskommission. Alle oftmals promovierten Teammitglieder sind versiert in der Anwendung \u00f6konomischer und \u00f6konometrischer Methoden. Dabei profitiert das deutsche Team von CRAs internationalem Netzwerk namhafter akademischer Berater, teils mit Erfahrung als Chef\u00f6konom der Europ\u00e4ischen Kommission.<\/p>\n","protected":false},"excerpt":{"rendered":"<p>CRA hat ein gro\u00dfes Team deutschsprachiger \u00d6konomen mit einschl\u00e4giger Erfahrung vor dem Bundeskartellamt, der Bundeswettbewerbsbeh\u00f6rde und der Wettbewerbskommission. Alle oftmals promovierten Teammitglieder sind versiert in der Anwendung \u00f6konomischer und \u00f6konometrischer Methoden. Dabei profitiert das deutsche Team von CRAs internationalem Netzwerk namhafter akademischer Berater, teils mit Erfahrung als Chef\u00f6konom der Europ\u00e4ischen Kommission.<\/p>\n","protected":false},"author":1,"featured_media":0,"parent":0,"menu_order":3,"comment_status":"closed","ping_status":"closed","template":"page-team.php","meta":{"_acf_changed":false,"footnotes":""},"class_list":["post-634","page","type-page","status-publish","hentry"],"acf":[],"yoast_head":"<!-- This site is optimized with the Yoast SEO plugin v27.4 - https:\/\/yoast.com\/product\/yoast-seo-wordpress\/ -->\n<title>Unser Team - Charles River Associates<\/title>\n<meta name=\"robots\" content=\"index, follow, max-snippet:-1, max-image-preview:large, max-video-preview:-1\" \/>\n<link rel=\"canonical\" href=\"https:\/\/ecp.crai.com\/de\/unser-team\/\" \/>\n<meta property=\"og:locale\" content=\"de_DE\" \/>\n<meta property=\"og:type\" content=\"article\" \/>\n<meta property=\"og:title\" content=\"Unser Team - Charles River Associates\" \/>\n<meta property=\"og:description\" content=\"CRA hat ein gro\u00dfes Team deutschsprachiger \u00d6konomen mit einschl\u00e4giger Erfahrung vor dem Bundeskartellamt, der Bundeswettbewerbsbeh\u00f6rde und der Wettbewerbskommission. Alle oftmals promovierten Teammitglieder sind versiert in der Anwendung \u00f6konomischer und \u00f6konometrischer Methoden. Dabei profitiert das deutsche Team von CRAs internationalem Netzwerk namhafter akademischer Berater, teils mit Erfahrung als Chef\u00f6konom der Europ\u00e4ischen Kommission.\" \/>\n<meta property=\"og:url\" content=\"https:\/\/ecp.crai.com\/de\/unser-team\/\" \/>\n<meta property=\"og:site_name\" content=\"Charles River Associates\" \/>\n<meta property=\"article:modified_time\" content=\"2023-05-30T14:49:41+00:00\" \/>\n<meta name=\"twitter:card\" content=\"summary_large_image\" \/>\n<meta name=\"twitter:label1\" content=\"Est. reading time\" \/>\n\t<meta name=\"twitter:data1\" content=\"1 minute\" \/>\n<script type=\"application\/ld+json\" class=\"yoast-schema-graph\">{\"@context\":\"https:\\\/\\\/schema.org\",\"@graph\":[{\"@type\":\"WebPage\",\"@id\":\"https:\\\/\\\/ecp.crai.com\\\/de\\\/unser-team\\\/\",\"url\":\"https:\\\/\\\/ecp.crai.com\\\/de\\\/unser-team\\\/\",\"name\":\"Unser Team - Charles River Associates\",\"isPartOf\":{\"@id\":\"https:\\\/\\\/ecp.crai.com\\\/#website\"},\"datePublished\":\"2017-10-24T12:41:04+00:00\",\"dateModified\":\"2023-05-30T14:49:41+00:00\",\"breadcrumb\":{\"@id\":\"https:\\\/\\\/ecp.crai.com\\\/de\\\/unser-team\\\/#breadcrumb\"},\"inLanguage\":\"de-DE\",\"potentialAction\":[{\"@type\":\"ReadAction\",\"target\":[\"https:\\\/\\\/ecp.crai.com\\\/de\\\/unser-team\\\/\"]}]},{\"@type\":\"BreadcrumbList\",\"@id\":\"https:\\\/\\\/ecp.crai.com\\\/de\\\/unser-team\\\/#breadcrumb\",\"itemListElement\":[{\"@type\":\"ListItem\",\"position\":1,\"name\":\"Home\",\"item\":\"https:\\\/\\\/ecp.crai.com\\\/de\\\/\"},{\"@type\":\"ListItem\",\"position\":2,\"name\":\"Unser Team\"}]},{\"@type\":\"WebSite\",\"@id\":\"https:\\\/\\\/ecp.crai.com\\\/#website\",\"url\":\"https:\\\/\\\/ecp.crai.com\\\/\",\"name\":\"Charles River Associates\",\"description\":\"European Competition\",\"potentialAction\":[{\"@type\":\"SearchAction\",\"target\":{\"@type\":\"EntryPoint\",\"urlTemplate\":\"https:\\\/\\\/ecp.crai.com\\\/?s={search_term_string}\"},\"query-input\":{\"@type\":\"PropertyValueSpecification\",\"valueRequired\":true,\"valueName\":\"search_term_string\"}}],\"inLanguage\":\"de-DE\"}]}<\/script>\n<!-- \/ Yoast SEO plugin. -->","yoast_head_json":{"title":"Unser Team - Charles River Associates","robots":{"index":"index","follow":"follow","max-snippet":"max-snippet:-1","max-image-preview":"max-image-preview:large","max-video-preview":"max-video-preview:-1"},"canonical":"https:\/\/ecp.crai.com\/de\/unser-team\/","og_locale":"de_DE","og_type":"article","og_title":"Unser Team - Charles River Associates","og_description":"CRA hat ein gro\u00dfes Team deutschsprachiger \u00d6konomen mit einschl\u00e4giger Erfahrung vor dem Bundeskartellamt, der Bundeswettbewerbsbeh\u00f6rde und der Wettbewerbskommission. Alle oftmals promovierten Teammitglieder sind versiert in der Anwendung \u00f6konomischer und \u00f6konometrischer Methoden. Dabei profitiert das deutsche Team von CRAs internationalem Netzwerk namhafter akademischer Berater, teils mit Erfahrung als Chef\u00f6konom der Europ\u00e4ischen Kommission.","og_url":"https:\/\/ecp.crai.com\/de\/unser-team\/","og_site_name":"Charles River Associates","article_modified_time":"2023-05-30T14:49:41+00:00","twitter_card":"summary_large_image","twitter_misc":{"Est. reading time":"1 minute"},"schema":{"@context":"https:\/\/schema.org","@graph":[{"@type":"WebPage","@id":"https:\/\/ecp.crai.com\/de\/unser-team\/","url":"https:\/\/ecp.crai.com\/de\/unser-team\/","name":"Unser Team - Charles River Associates","isPartOf":{"@id":"https:\/\/ecp.crai.com\/#website"},"datePublished":"2017-10-24T12:41:04+00:00","dateModified":"2023-05-30T14:49:41+00:00","breadcrumb":{"@id":"https:\/\/ecp.crai.com\/de\/unser-team\/#breadcrumb"},"inLanguage":"de-DE","potentialAction":[{"@type":"ReadAction","target":["https:\/\/ecp.crai.com\/de\/unser-team\/"]}]},{"@type":"BreadcrumbList","@id":"https:\/\/ecp.crai.com\/de\/unser-team\/#breadcrumb","itemListElement":[{"@type":"ListItem","position":1,"name":"Home","item":"https:\/\/ecp.crai.com\/de\/"},{"@type":"ListItem","position":2,"name":"Unser Team"}]},{"@type":"WebSite","@id":"https:\/\/ecp.crai.com\/#website","url":"https:\/\/ecp.crai.com\/","name":"Charles River Associates","description":"European Competition","potentialAction":[{"@type":"SearchAction","target":{"@type":"EntryPoint","urlTemplate":"https:\/\/ecp.crai.com\/?s={search_term_string}"},"query-input":{"@type":"PropertyValueSpecification","valueRequired":true,"valueName":"search_term_string"}}],"inLanguage":"de-DE"}]}},"_links":{"self":[{"href":"https:\/\/ecp.crai.com\/de\/wp-json\/wp\/v2\/pages\/634","targetHints":{"allow":["GET"]}}],"collection":[{"href":"https:\/\/ecp.crai.com\/de\/wp-json\/wp\/v2\/pages"}],"about":[{"href":"https:\/\/ecp.crai.com\/de\/wp-json\/wp\/v2\/types\/page"}],"author":[{"embeddable":true,"href":"https:\/\/ecp.crai.com\/de\/wp-json\/wp\/v2\/users\/1"}],"replies":[{"embeddable":true,"href":"https:\/\/ecp.crai.com\/de\/wp-json\/wp\/v2\/comments?post=634"}],"version-history":[{"count":7,"href":"https:\/\/ecp.crai.com\/de\/wp-json\/wp\/v2\/pages\/634\/revisions"}],"predecessor-version":[{"id":3649,"href":"https:\/\/ecp.crai.com\/de\/wp-json\/wp\/v2\/pages\/634\/revisions\/3649"}],"wp:attachment":[{"href":"https:\/\/ecp.crai.com\/de\/wp-json\/wp\/v2\/media?parent=634"}],"curies":[{"name":"wp","href":"https:\/\/api.w.org\/{rel}","templated":true}]}}